{"id":4376,"date":"2023-10-25T08:21:09","date_gmt":"2023-10-25T08:21:09","guid":{"rendered":"https:\/\/www.hatdistrict.eu\/?page_id=4376"},"modified":"2023-10-25T08:21:51","modified_gmt":"2023-10-25T08:21:51","slug":"registra-la-tua-azienda","status":"publish","type":"page","link":"https:\/\/www.hatdistrict.eu\/index.php\/registra-la-tua-azienda\/","title":{"rendered":"Registra la tua azienda"},"content":{"rendered":"\t\t<div data-elementor-type=\"wp-page\" data-elementor-id=\"4376\" class=\"elementor elementor-4376\">\n\t\t\t\t\t\t<section class=\"elementor-section elementor-top-section elementor-element elementor-element-2b54562 elementor-section-boxed elementor-section-height-default elementor-section-height-default\" data-id=\"2b54562\" data-element_type=\"section\" data-e-type=\"section\">\n\t\t\t\t\t\t<div class=\"elementor-container elementor-column-gap-default\">\n\t\t\t\t\t<div class=\"elementor-column elementor-col-100 elementor-top-column elementor-element elementor-element-2bb56ec\" data-id=\"2bb56ec\" data-element_type=\"column\" data-e-type=\"column\">\n\t\t\t<div class=\"elementor-widget-wrap elementor-element-populated\">\n\t\t\t\t\t\t<div class=\"elementor-element elementor-element-44c02a8 elementor-widget elementor-widget-text-editor\" data-id=\"44c02a8\" data-element_type=\"widget\" data-e-type=\"widget\" data-widget_type=\"text-editor.default\">\n\t\t\t\t<div class=\"elementor-widget-container\">\n\t\t\t\t\t\t\t\t\t<span style=\"font-family:lato!important; color:black; font-size:17px; font-weight:500;\"><div class=\"breadcrumb\" itemprop=\"breadcrumb\"><span><span><a href=\"https:\/\/www.hatdistrict.eu\/\">Home<\/a><\/span><\/span><\/div><\/span>\n\n\t\t\t\t\t\t\t\t<\/div>\n\t\t\t\t<\/div>\n\t\t\t\t\t<\/div>\n\t\t<\/div>\n\t\t\t\t\t<\/div>\n\t\t<\/section>\n\t\t\t\t<section class=\"elementor-section elementor-top-section elementor-element elementor-element-6cd6e2d elementor-section-boxed elementor-section-height-default elementor-section-height-default\" data-id=\"6cd6e2d\" data-element_type=\"section\" data-e-type=\"section\">\n\t\t\t\t\t\t<div class=\"elementor-container elementor-column-gap-default\">\n\t\t\t\t\t<div class=\"elementor-column elementor-col-100 elementor-top-column elementor-element elementor-element-b14d14f\" data-id=\"b14d14f\" data-element_type=\"column\" data-e-type=\"column\">\n\t\t\t<div class=\"elementor-widget-wrap elementor-element-populated\">\n\t\t\t\t\t\t<div class=\"elementor-element elementor-element-541e0e1 elementor-widget elementor-widget-heading\" data-id=\"541e0e1\" data-element_type=\"widget\" data-e-type=\"widget\" data-widget_type=\"heading.default\">\n\t\t\t\t<div class=\"elementor-widget-container\">\n\t\t\t\t\t<h2 class=\"elementor-heading-title elementor-size-default\">REGISTRA LA TUA AZIENDA<\/h2>\t\t\t\t<\/div>\n\t\t\t\t<\/div>\n\t\t\t\t<div class=\"elementor-element elementor-element-179511e elementor-widget elementor-widget-html\" data-id=\"179511e\" data-element_type=\"widget\" data-e-type=\"widget\" data-widget_type=\"html.default\">\n\t\t\t\t<div class=\"elementor-widget-container\">\n\t\t\t\t\t\r\n  <div class=\"linea-gialla\"><\/div>\r\n\t\t\t\t<\/div>\n\t\t\t\t<\/div>\n\t\t\t\t<div class=\"elementor-element elementor-element-8040958 elementor-widget elementor-widget-text-editor\" data-id=\"8040958\" data-element_type=\"widget\" data-e-type=\"widget\" data-widget_type=\"text-editor.default\">\n\t\t\t\t<div class=\"elementor-widget-container\">\n\t\t\t\t\t\t\t\t\t<p>Se gestisci un cappellificio o una ditta in relazione al distretto del cappello, non perdere l&#8217;opportunit\u00e0 di far crescere la visibilit\u00e0 della tua attivit\u00e0 !<br \/><em><strong>Registra subito la tua azienda nel nostro portale compilando <\/strong><\/em><em><strong>il formulario qui sotto.<\/strong><\/em><\/p>\t\t\t\t\t\t\t\t<\/div>\n\t\t\t\t<\/div>\n\t\t\t\t<div class=\"elementor-element elementor-element-07b9a52 elementor-widget elementor-widget-text-editor\" data-id=\"07b9a52\" data-element_type=\"widget\" data-e-type=\"widget\" data-widget_type=\"text-editor.default\">\n\t\t\t\t<div class=\"elementor-widget-container\">\n\t\t\t\t\t\t\t\t\t<p><span class=\"fpsml-shortcode-preview\"><form method=\"post\" class=\"fpsm-front-form fpsm-template-3 fpsm-alias-guest_post_form\" data-alias=\"guest_post_form\">\r\n    \r\n    <input type=\"hidden\" name=\"form_alias\" value=\"guest_post_form\" \/>\r\n    <input type=\"hidden\" name=\"post_id\" value=\"0\" class=\"fpsm-edit-post-id\" \/>\r\n    <input type=\"hidden\" name=\"previous_post_status\" value=\"\" class=\"fpsm-previous-post-status\" \/>\r\n        \r\n                        <div class=\"fpsm-field-wrap fpsm-post-title\" data-field-key=\"post_title\">\r\n                            <label>Nome Azienda<\/label>\r\n                            <div class=\"fpsm-field\">\r\n                                <input type=\"text\" name=\"post_title\" value=\"\"\/>\n                            <\/div>\r\n                            <div class=\"fpsm-error\"><\/div>\r\n                        <\/div>\r\n            \r\n                        <div class=\"fpsm-field-wrap fpsm-post-content\" data-field-key=\"post_content\">\r\n                            <label>Descrivi la tua azienda.<\/label>\r\n                            <div class=\"fpsm-field\">\r\n                                    <textarea name=\"post_content\" style=\"height:100px\"><\/textarea>\r\n                                        <div class=\"fpsm-field-note\">Scrivi un contenuto sulla tua azienda che descriva com&#8217;\u00e8 nata, di cosa si occupa, dove opera e tutto ci\u00f2 di interessante che hai da comunicare.                                    <\/div>\r\n                                                            <\/div>\r\n                            <div class=\"fpsm-error\"><\/div>\r\n                        <\/div>\r\n            \r\n                        <div class=\"fpsm-field-wrap fpsm-taxonomy-checkbox fpsm-category\" data-field-key=\"_taxonomy|category\">\r\n                            <label>Categorie<\/label>\r\n                            <div class=\"fpsm-field\">\r\n                                \r\n<div class=\"fpsm-each-term-checkbox fpsm-inline-checkbox\"><div class=\"fpsm-checkbox\">&nbsp;&nbsp;&nbsp;&nbsp;<input type=\"checkbox\" name=\"_taxonomy|category[]\" value=\"136\" \/><label for=\"_taxonomy|category\">Associazioni<\/label><\/div><\/div><div class=\"fpsm-each-term-checkbox fpsm-inline-checkbox\"><div class=\"fpsm-checkbox\">&nbsp;&nbsp;&nbsp;&nbsp;<input type=\"checkbox\" name=\"_taxonomy|category[]\" value=\"104\" \/><label for=\"_taxonomy|category\">Aziende<\/label><\/div><\/div><div class=\"fpsm-each-term-checkbox fpsm-inline-checkbox\"><div class=\"fpsm-checkbox\">&nbsp;&nbsp;&nbsp;&nbsp;<input type=\"checkbox\" name=\"_taxonomy|category[]\" value=\"137\" \/><label for=\"_taxonomy|category\">Enti<\/label><\/div><\/div><div class=\"fpsm-each-term-checkbox fpsm-inline-checkbox\"><div class=\"fpsm-checkbox\">&nbsp;&nbsp;&nbsp;&nbsp;<input type=\"checkbox\" name=\"_taxonomy|category[]\" value=\"134\" \/><label for=\"_taxonomy|category\">Persone<\/label><\/div><\/div>\r\n                            <\/div>\r\n                            <div class=\"fpsm-error\"><\/div>\r\n                        <\/div>\r\n            \r\n                        <div class=\"fpsm-field-wrap fpsm-custom-field-textfield fpsm-meta-Ragionesociale\" data-field-key=\"_custom_field|Ragionesociale\">\r\n                            <label>Ragione Sociale<\/label>\r\n                            <div class=\"fpsm-field\">\r\n                                <input type=\"text\" name=\"_custom_field|Ragionesociale\" value=\"\"\/>                            <\/div>\r\n                            <div class=\"fpsm-error\"><\/div>\r\n                        <\/div>\r\n            \r\n                        <div class=\"fpsm-field-wrap fpsm-custom-field-textfield fpsm-meta-piva\" data-field-key=\"_custom_field|piva\">\r\n                            <label>Partita Iva<\/label>\r\n                            <div class=\"fpsm-field\">\r\n                                <input type=\"text\" name=\"_custom_field|piva\" value=\"\"\/>                            <\/div>\r\n                            <div class=\"fpsm-error\"><\/div>\r\n                        <\/div>\r\n            \r\n                        <div class=\"fpsm-field-wrap fpsm-custom-field-textfield fpsm-meta-cf\" data-field-key=\"_custom_field|cf\">\r\n                            <label>Codice Fiscale<\/label>\r\n                            <div class=\"fpsm-field\">\r\n                                <input type=\"text\" name=\"_custom_field|cf\" value=\"\"\/>                            <\/div>\r\n                            <div class=\"fpsm-error\"><\/div>\r\n                        <\/div>\r\n            \r\n                        <div class=\"fpsm-field-wrap fpsm-custom-field-textfield fpsm-meta-sedelegale\" data-field-key=\"_custom_field|sedelegale\">\r\n                            <label>Sede Legale<\/label>\r\n                            <div class=\"fpsm-field\">\r\n                                <input type=\"text\" name=\"_custom_field|sedelegale\" value=\"\"\/>                            <\/div>\r\n                            <div class=\"fpsm-error\"><\/div>\r\n                        <\/div>\r\n            \r\n                        <div class=\"fpsm-field-wrap fpsm-custom-field-textfield fpsm-meta-sedeoperativa\" data-field-key=\"_custom_field|sedeoperativa\">\r\n                            <label>Sede Operativa<\/label>\r\n                            <div class=\"fpsm-field\">\r\n                                <input type=\"text\" name=\"_custom_field|sedeoperativa\" value=\"\"\/>                            <\/div>\r\n                            <div class=\"fpsm-error\"><\/div>\r\n                        <\/div>\r\n            \r\n                        <div class=\"fpsm-field-wrap fpsm-post-image\" data-field-key=\"post_image\">\r\n                            <label>Foto della tua azienda.<\/label>\r\n                            <div class=\"fpsm-field\">\r\n                                \r\n    <div class=\"fpsm-file-uploader\" id=\"fpms-file-uploader-hSDkdGd\" data-extensions=\"jpg|jpeg|png|gif|bmp|JPG|JPEG|PNG|BMP\" data-extensions-error-message=\"{file} ha un&#039;estensione non valida. Sono consentite solo {estensioni}.\" data-file-size-limit=\"5\" data-upload-filesize-error-message=\"La dimensione massima del file da caricare \u00e8 5MB\" data-label=\"Carica\" data-field-name=\"post_image\">\r\n    <\/div>\r\n<input type=\"hidden\" class=\"fpsm-upload-count\" value=\"0\" \/>\r\n<input type=\"hidden\" name=\"post_image\" class=\"fpsm-media-id\" value=\"\" \/>\r\n<div class=\"fpsm-file-preview-wrap\">\r\n    <\/div>                                    <div class=\"fpsm-field-note\">Inserisci una foto che rappresenta la tua azienda.                                    <\/div>\r\n                                                            <\/div>\r\n                            <div class=\"fpsm-error\"><\/div>\r\n                        <\/div>\r\n            \r\n                        <div class=\"fpsm-field-wrap fpsm-custom-field-file_uploader fpsm-meta-Logo\" data-field-key=\"_custom_field|Logo\">\r\n                            <label>Aggiungi le immegini della tua azienda<\/label>\r\n                            <div class=\"fpsm-field\">\r\n                                <div\r\n    class=\"fpsm-file-uploader\"\r\n    id=\"fpms-file-uploader-ULWAYAf\"\r\n    data-extensions=\"jpg|jpeg|jpe|png|webp|svg|svgz\"\r\n    data-extensions-error-message=\"{file} ha un&#039;estensione non valida. Sono consentite solo {estensioni}.\"\r\n    data-file-size-limit=\"5\"\r\n    data-upload-filesize-error-message=\"La dimensione massima del file da caricare \u00e8 5MB\"\r\n    data-label=\"Carica\"\r\n    data-field-name=\"_custom_field|Logo\"\r\n    data-multiple='true'\r\n    data-multiple-upload-limit=\"5\"\r\n    data-multiple-upload-error-message = \"Hai superato il limite di upload\">\r\n<\/div>\r\n<input type=\"hidden\" class=\"fpsm-upload-count\" value=\"0\"\/>\r\n<input type=\"hidden\" name=\"_custom_field|Logo\" class=\"fpsm-media-id\" value=\"\"\/>\r\n<div class=\"fpsm-file-preview-wrap\">\r\n    \r\n<\/div>                            <\/div>\r\n                            <div class=\"fpsm-error\"><\/div>\r\n                        <\/div>\r\n            \r\n                        <div class=\"fpsm-field-wrap fpsm-author-email\" data-field-key=\"author_email\">\r\n                            <label>Email<\/label>\r\n                            <div class=\"fpsm-field\">\r\n                                <input type=\"email\"  name=\"author_email\"\/>                            <\/div>\r\n                            <div class=\"fpsm-error\"><\/div>\r\n                        <\/div>\r\n            \r\n                        <div class=\"fpsm-field-wrap fpsm-author-name\" data-field-key=\"author_name\">\r\n                            <label>Referente<\/label>\r\n                            <div class=\"fpsm-field\">\r\n                                <input type=\"text\"  name=\"author_name\"\/>                            <\/div>\r\n                            <div class=\"fpsm-error\"><\/div>\r\n                        <\/div>\r\n            \r\n                        <div class=\"fpsm-field-wrap fpsm-custom-field-tel fpsm-meta-Telefono\" data-field-key=\"_custom_field|Telefono\">\r\n                            <label>Telefono<\/label>\r\n                            <div class=\"fpsm-field\">\r\n                                <input type=\"tel\"\r\n       name=\"_custom_field|Telefono\"\r\n       value=\"\"\r\n                     >                            <\/div>\r\n                            <div class=\"fpsm-error\"><\/div>\r\n                        <\/div>\r\n            \r\n            <div class=\"fpsm-field-wrap fpsm-captcha-field\" data-field-key=\"captcha\">\r\n                <label><\/label>\r\n                <div class=\"fpsm-field\">\r\n                    <div data-field-key=\"security\">\r\n                        <script type=\"text\/javascript\" src=\"\/\/www.google.com\/recaptcha\/api.js\"><\/script>\r\n                        <div class=\"g-recaptcha\" data-sitekey=\"6LerTnEoAAAAAB8Pus2ogYxXRw640YOPRylPTbLH\">\r\n                        <\/div>\r\n                    <\/div>\r\n                <\/div>\r\n            <\/div>\r\n        <div class=\"fpsm-field-wrap fpsm-has-submit-btn\">\r\n        <div class=\"fpsm-field\">\r\n            \r\n                    <input type=\"submit\" value=\"Registra azienda\" data-post-status=\"pending\" class=\"fpsm-submit-pending \"  \/>\r\n\r\n                        <input type=\"hidden\" name=\"dynamic_post_status\" value=\"pending\" class=\"fpsm-default-post-status\" \/>\r\n            <img decoding=\"async\" loading=\"lazy\" src=\"https:\/\/www.hatdistrict.eu\/wp-content\/plugins\/frontend-post-submission-manager\/assets\/images\/ajax-loader-front.gif\" class=\"fpsm-ajax-loader\" \/><noscript><img decoding=\"async\" src=\"https:\/\/www.hatdistrict.eu\/wp-content\/plugins\/frontend-post-submission-manager\/assets\/images\/ajax-loader-front.gif\" class=\"fpsm-ajax-loader\" \/><\/noscript>\r\n        <\/div>\r\n    <\/div>\r\n    <div class=\"fpsm-form-message fpsm-display-none\"><\/div>\r\n    <\/form>\r\n<\/span>\u00a0<i class=\"fas fa-clipboard-list\"><\/i><\/p>\t\t\t\t\t\t\t\t<\/div>\n\t\t\t\t<\/div>\n\t\t\t\t\t<\/div>\n\t\t<\/div>\n\t\t\t\t\t<\/div>\n\t\t<\/section>\n\t\t\t\t<\/div>\n\t\t","protected":false},"excerpt":{"rendered":"<p>REGISTRA LA TUA AZIENDA Se gestisci un cappellificio o una ditta in relazione al distretto del cappello, non perdere l&#8217;opportunit\u00e0 di far crescere la visibilit\u00e0 della tua attivit\u00e0 !Registra subito la tua azienda nel nostro portale compilando il formulario qui sotto. \u00a0<\/p>\n","protected":false},"author":1,"featured_media":0,"parent":0,"menu_order":0,"comment_status":"closed","ping_status":"closed","template":"elementor_header_footer","meta":{"_editorskit_title_hidden":false,"_editorskit_reading_time":0,"_editorskit_is_block_options_detached":false,"_editorskit_block_options_position":"{}","inline_featured_image":false,"footnotes":""},"class_list":["post-4376","page","type-page","status-publish","hentry"],"yoast_head":"<!-- This site is optimized with the Yoast SEO plugin v27.4 - https:\/\/yoast.com\/product\/yoast-seo-wordpress\/ -->\n<title>Registra la tua azienda - Distretto Fermano Del Cappello<\/title>\n<meta name=\"robots\" content=\"index, follow, max-snippet:-1, max-image-preview:large, max-video-preview:-1\" \/>\n<link rel=\"canonical\" href=\"https:\/\/www.hatdistrict.eu\/index.php\/registra-la-tua-azienda\/\" \/>\n<meta property=\"og:locale\" content=\"it_IT\" \/>\n<meta property=\"og:type\" content=\"article\" \/>\n<meta property=\"og:title\" content=\"Registra la tua azienda - Distretto Fermano Del Cappello\" \/>\n<meta property=\"og:description\" content=\"REGISTRA LA TUA AZIENDA Se gestisci un cappellificio o una ditta in relazione al distretto del cappello, non perdere l&#8217;opportunit\u00e0 di far crescere la visibilit\u00e0 della tua attivit\u00e0 !Registra subito la tua azienda nel nostro portale compilando il formulario qui sotto. \u00a0\" \/>\n<meta property=\"og:url\" content=\"https:\/\/www.hatdistrict.eu\/index.php\/registra-la-tua-azienda\/\" \/>\n<meta property=\"og:site_name\" content=\"Distretto Fermano Del Cappello\" \/>\n<meta property=\"article:modified_time\" content=\"2023-10-25T08:21:51+00:00\" \/>\n<meta name=\"twitter:card\" content=\"summary_large_image\" \/>\n<meta name=\"twitter:label1\" content=\"Tempo di lettura stimato\" \/>\n\t<meta name=\"twitter:data1\" content=\"1 minuto\" \/>\n<script type=\"application\/ld+json\" class=\"yoast-schema-graph\">{\"@context\":\"https:\\\/\\\/schema.org\",\"@graph\":[{\"@type\":\"WebPage\",\"@id\":\"https:\\\/\\\/www.hatdistrict.eu\\\/index.php\\\/registra-la-tua-azienda\\\/\",\"url\":\"https:\\\/\\\/www.hatdistrict.eu\\\/index.php\\\/registra-la-tua-azienda\\\/\",\"name\":\"Registra la tua azienda - Distretto Fermano Del Cappello\",\"isPartOf\":{\"@id\":\"https:\\\/\\\/www.hatdistrict.eu\\\/#website\"},\"datePublished\":\"2023-10-25T08:21:09+00:00\",\"dateModified\":\"2023-10-25T08:21:51+00:00\",\"breadcrumb\":{\"@id\":\"https:\\\/\\\/www.hatdistrict.eu\\\/index.php\\\/registra-la-tua-azienda\\\/#breadcrumb\"},\"inLanguage\":\"it-IT\",\"potentialAction\":[{\"@type\":\"ReadAction\",\"target\":[\"https:\\\/\\\/www.hatdistrict.eu\\\/index.php\\\/registra-la-tua-azienda\\\/\"]}]},{\"@type\":\"BreadcrumbList\",\"@id\":\"https:\\\/\\\/www.hatdistrict.eu\\\/index.php\\\/registra-la-tua-azienda\\\/#breadcrumb\",\"itemListElement\":[{\"@type\":\"ListItem\",\"position\":1,\"name\":\"Home\",\"item\":\"https:\\\/\\\/www.hatdistrict.eu\\\/\"},{\"@type\":\"ListItem\",\"position\":2,\"name\":\"Registra la tua azienda\"}]},{\"@type\":\"WebSite\",\"@id\":\"https:\\\/\\\/www.hatdistrict.eu\\\/#website\",\"url\":\"https:\\\/\\\/www.hatdistrict.eu\\\/\",\"name\":\"Distretto Fermano Del Cappello\",\"description\":\"\",\"publisher\":{\"@id\":\"https:\\\/\\\/www.hatdistrict.eu\\\/#organization\"},\"potentialAction\":[{\"@type\":\"SearchAction\",\"target\":{\"@type\":\"EntryPoint\",\"urlTemplate\":\"https:\\\/\\\/www.hatdistrict.eu\\\/?s={search_term_string}\"},\"query-input\":{\"@type\":\"PropertyValueSpecification\",\"valueRequired\":true,\"valueName\":\"search_term_string\"}}],\"inLanguage\":\"it-IT\"},{\"@type\":\"Organization\",\"@id\":\"https:\\\/\\\/www.hatdistrict.eu\\\/#organization\",\"name\":\"Distretto Fermano Del Cappello\",\"url\":\"https:\\\/\\\/www.hatdistrict.eu\\\/\",\"logo\":{\"@type\":\"ImageObject\",\"inLanguage\":\"it-IT\",\"@id\":\"https:\\\/\\\/www.hatdistrict.eu\\\/#\\\/schema\\\/logo\\\/image\\\/\",\"url\":\"https:\\\/\\\/www.hatdistrict.eu\\\/wp-content\\\/uploads\\\/2023\\\/11\\\/Ciccioli-Macchine-1.png\",\"contentUrl\":\"https:\\\/\\\/www.hatdistrict.eu\\\/wp-content\\\/uploads\\\/2023\\\/11\\\/Ciccioli-Macchine-1.png\",\"width\":370,\"height\":240,\"caption\":\"Distretto Fermano Del Cappello\"},\"image\":{\"@id\":\"https:\\\/\\\/www.hatdistrict.eu\\\/#\\\/schema\\\/logo\\\/image\\\/\"}}]}<\/script>\n<!-- \/ Yoast SEO plugin. -->","yoast_head_json":{"title":"Registra la tua azienda - Distretto Fermano Del Cappello","robots":{"index":"index","follow":"follow","max-snippet":"max-snippet:-1","max-image-preview":"max-image-preview:large","max-video-preview":"max-video-preview:-1"},"canonical":"https:\/\/www.hatdistrict.eu\/index.php\/registra-la-tua-azienda\/","og_locale":"it_IT","og_type":"article","og_title":"Registra la tua azienda - Distretto Fermano Del Cappello","og_description":"REGISTRA LA TUA AZIENDA Se gestisci un cappellificio o una ditta in relazione al distretto del cappello, non perdere l&#8217;opportunit\u00e0 di far crescere la visibilit\u00e0 della tua attivit\u00e0 !Registra subito la tua azienda nel nostro portale compilando il formulario qui sotto. \u00a0","og_url":"https:\/\/www.hatdistrict.eu\/index.php\/registra-la-tua-azienda\/","og_site_name":"Distretto Fermano Del Cappello","article_modified_time":"2023-10-25T08:21:51+00:00","twitter_card":"summary_large_image","twitter_misc":{"Tempo di lettura stimato":"1 minuto"},"schema":{"@context":"https:\/\/schema.org","@graph":[{"@type":"WebPage","@id":"https:\/\/www.hatdistrict.eu\/index.php\/registra-la-tua-azienda\/","url":"https:\/\/www.hatdistrict.eu\/index.php\/registra-la-tua-azienda\/","name":"Registra la tua azienda - Distretto Fermano Del Cappello","isPartOf":{"@id":"https:\/\/www.hatdistrict.eu\/#website"},"datePublished":"2023-10-25T08:21:09+00:00","dateModified":"2023-10-25T08:21:51+00:00","breadcrumb":{"@id":"https:\/\/www.hatdistrict.eu\/index.php\/registra-la-tua-azienda\/#breadcrumb"},"inLanguage":"it-IT","potentialAction":[{"@type":"ReadAction","target":["https:\/\/www.hatdistrict.eu\/index.php\/registra-la-tua-azienda\/"]}]},{"@type":"BreadcrumbList","@id":"https:\/\/www.hatdistrict.eu\/index.php\/registra-la-tua-azienda\/#breadcrumb","itemListElement":[{"@type":"ListItem","position":1,"name":"Home","item":"https:\/\/www.hatdistrict.eu\/"},{"@type":"ListItem","position":2,"name":"Registra la tua azienda"}]},{"@type":"WebSite","@id":"https:\/\/www.hatdistrict.eu\/#website","url":"https:\/\/www.hatdistrict.eu\/","name":"Distretto Fermano Del Cappello","description":"","publisher":{"@id":"https:\/\/www.hatdistrict.eu\/#organization"},"potentialAction":[{"@type":"SearchAction","target":{"@type":"EntryPoint","urlTemplate":"https:\/\/www.hatdistrict.eu\/?s={search_term_string}"},"query-input":{"@type":"PropertyValueSpecification","valueRequired":true,"valueName":"search_term_string"}}],"inLanguage":"it-IT"},{"@type":"Organization","@id":"https:\/\/www.hatdistrict.eu\/#organization","name":"Distretto Fermano Del Cappello","url":"https:\/\/www.hatdistrict.eu\/","logo":{"@type":"ImageObject","inLanguage":"it-IT","@id":"https:\/\/www.hatdistrict.eu\/#\/schema\/logo\/image\/","url":"https:\/\/www.hatdistrict.eu\/wp-content\/uploads\/2023\/11\/Ciccioli-Macchine-1.png","contentUrl":"https:\/\/www.hatdistrict.eu\/wp-content\/uploads\/2023\/11\/Ciccioli-Macchine-1.png","width":370,"height":240,"caption":"Distretto Fermano Del Cappello"},"image":{"@id":"https:\/\/www.hatdistrict.eu\/#\/schema\/logo\/image\/"}}]}},"_links":{"self":[{"href":"https:\/\/www.hatdistrict.eu\/index.php\/wp-json\/wp\/v2\/pages\/4376","targetHints":{"allow":["GET"]}}],"collection":[{"href":"https:\/\/www.hatdistrict.eu\/index.php\/wp-json\/wp\/v2\/pages"}],"about":[{"href":"https:\/\/www.hatdistrict.eu\/index.php\/wp-json\/wp\/v2\/types\/page"}],"author":[{"embeddable":true,"href":"https:\/\/www.hatdistrict.eu\/index.php\/wp-json\/wp\/v2\/users\/1"}],"replies":[{"embeddable":true,"href":"https:\/\/www.hatdistrict.eu\/index.php\/wp-json\/wp\/v2\/comments?post=4376"}],"version-history":[{"count":0,"href":"https:\/\/www.hatdistrict.eu\/index.php\/wp-json\/wp\/v2\/pages\/4376\/revisions"}],"wp:attachment":[{"href":"https:\/\/www.hatdistrict.eu\/index.php\/wp-json\/wp\/v2\/media?parent=4376"}],"curies":[{"name":"wp","href":"https:\/\/api.w.org\/{rel}","templated":true}]}}